{"id":59,"date":"2024-09-06T23:53:22","date_gmt":"2024-09-06T21:53:22","guid":{"rendered":"https:\/\/dev.emk-tec.com\/?page_id=59"},"modified":"2024-11-05T13:14:07","modified_gmt":"2024-11-05T12:14:07","slug":"contact","status":"publish","type":"page","link":"https:\/\/emk-tec.com\/de\/contact\/","title":{"rendered":"Kontakt"},"content":{"rendered":"<div data-elementor-type=\"wp-page\" data-elementor-id=\"59\" class=\"elementor elementor-59\" data-elementor-post-type=\"page\">\n\t\t\t\t<div class=\"elementor-element elementor-element-639b574e e-con-full e-flex e-con e-parent\" data-id=\"639b574e\" data-element_type=\"container\">\n\t\t\t\t<div class=\"elementor-element elementor-element-94269a8 elementor--h-position-center elementor--v-position-middle elementor-arrows-position-inside elementor-pagination-position-inside elementor-widget elementor-widget-slides\" data-id=\"94269a8\" data-element_type=\"widget\" data-settings=\"{&quot;navigation&quot;:&quot;both&quot;,&quot;autoplay&quot;:&quot;yes&quot;,&quot;pause_on_hover&quot;:&quot;yes&quot;,&quot;pause_on_interaction&quot;:&quot;yes&quot;,&quot;autoplay_speed&quot;:5000,&quot;infinite&quot;:&quot;yes&quot;,&quot;transition&quot;:&quot;slide&quot;,&quot;transition_speed&quot;:500}\" data-widget_type=\"slides.default\">\n\t\t\t\t<div class=\"elementor-widget-container\">\n\t\t\t\t\t\t\t<div class=\"elementor-swiper\">\n\t\t\t<div class=\"elementor-slides-wrapper elementor-main-swiper swiper-container\" dir=\"ltr\" data-animation=\"fadeInUp\">\n\t\t\t\t<div class=\"swiper-wrapper elementor-slides\">\n\t\t\t\t\t\t\t\t\t\t<div class=\"elementor-repeater-item-a499799 swiper-slide\"><div class=\"swiper-slide-bg elementor-ken-burns elementor-ken-burns--in\" role=\"img\"><\/div><div class=\"elementor-background-overlay\"><\/div><div class=\"swiper-slide-inner\" ><div class=\"swiper-slide-contents\"><h1 class=\"elementor-slide-heading\">Kontakt<\/h1><\/div><\/div><\/div>\t\t\t\t<\/div>\n\t\t\t\t\t\t\t<\/div>\n\t\t<\/div>\n\t\t\t\t\t\t<\/div>\n\t\t\t\t<\/div>\n\t\t\t\t<\/div>\n\t\t<div class=\"elementor-element elementor-element-4fc1bef9 e-flex e-con-boxed e-con e-parent\" data-id=\"4fc1bef9\" data-element_type=\"container\">\n\t\t\t\t\t<div class=\"e-con-inner\">\n\t\t\t\t<div class=\"elementor-element elementor-element-6b58050d elementor-widget elementor-widget-google_maps\" data-id=\"6b58050d\" data-element_type=\"widget\" data-widget_type=\"google_maps.default\">\n\t\t\t\t<div class=\"elementor-widget-container\">\n\t\t\t\t\t\t\t<div class=\"elementor-custom-embed\">\n\t\t\t<iframe loading=\"lazy\"\n\t\t\t\t\tsrc=\"https:\/\/maps.google.com\/maps?q=Fleckerweg%203%2C%2006542%20Allstedt&#038;t=m&#038;z=10&#038;output=embed&#038;iwloc=near\"\n\t\t\t\t\ttitle=\"Fleckerweg 3, 06542 Allstedt\"\n\t\t\t\t\taria-label=\"Fleckerweg 3, 06542 Allstedt\"\n\t\t\t><\/iframe>\n\t\t<\/div>\n\t\t\t\t\t\t<\/div>\n\t\t\t\t<\/div>\n\t\t\t\t\t<\/div>\n\t\t\t\t<\/div>\n\t\t<div class=\"elementor-element elementor-element-37e235cf e-flex e-con-boxed e-con e-parent\" data-id=\"37e235cf\" data-element_type=\"container\" data-settings=\"{&quot;background_background&quot;:&quot;classic&quot;}\">\n\t\t\t\t\t<div class=\"e-con-inner\">\n\t\t<div class=\"elementor-element elementor-element-67a68d2a e-con-full e-flex e-con e-child\" data-id=\"67a68d2a\" data-element_type=\"container\">\n\t\t\t\t<div class=\"elementor-element elementor-element-5bcdf43 elementor-view-stacked elementor-shape-square elementor-position-left animated-slow elementor-mobile-position-top elementor-invisible elementor-widget elementor-widget-icon-box\" data-id=\"5bcdf43\" data-element_type=\"widget\" data-settings=\"{&quot;_animation&quot;:&quot;fadeIn&quot;,&quot;_animation_delay&quot;:1000}\" data-widget_type=\"icon-box.default\">\n\t\t\t\t<div class=\"elementor-widget-container\">\n\t\t\t\t\t\t\t<div class=\"elementor-icon-box-wrapper\">\n\n\t\t\t\t\t\t<div class=\"elementor-icon-box-icon\">\n\t\t\t\t<a href=\"mailto:info@emk-tec.com\" class=\"elementor-icon\" tabindex=\"-1\" aria-label=\"E-Mail\">\n\t\t\t\t<i aria-hidden=\"true\" class=\"icon icon-envelope3\"><\/i>\t\t\t\t<\/a>\n\t\t\t<\/div>\n\t\t\t\n\t\t\t\t\t\t<div class=\"elementor-icon-box-content\">\n\n\t\t\t\t\t\t\t\t\t<h3 class=\"elementor-icon-box-title\">\n\t\t\t\t\t\t<a href=\"mailto:info@emk-tec.com\" >\n\t\t\t\t\t\t\tE-Mail\t\t\t\t\t\t<\/a>\n\t\t\t\t\t<\/h3>\n\t\t\t\t\n\t\t\t\t\t\t\t\t\t<p class=\"elementor-icon-box-description\">\n\t\t\t\t\t\tinfo@emk-tec.com\t\t\t\t\t<\/p>\n\t\t\t\t\n\t\t\t<\/div>\n\t\t\t\n\t\t<\/div>\n\t\t\t\t\t\t<\/div>\n\t\t\t\t<\/div>\n\t\t\t\t<\/div>\n\t\t<div class=\"elementor-element elementor-element-68f670b e-con-full e-flex e-con e-child\" data-id=\"68f670b\" data-element_type=\"container\">\n\t\t\t\t<div class=\"elementor-element elementor-element-4ef8feb3 elementor-view-stacked elementor-shape-square elementor-position-left animated-slow elementor-mobile-position-top elementor-invisible elementor-widget elementor-widget-icon-box\" data-id=\"4ef8feb3\" data-element_type=\"widget\" data-settings=\"{&quot;_animation&quot;:&quot;fadeIn&quot;,&quot;_animation_delay&quot;:1000}\" data-widget_type=\"icon-box.default\">\n\t\t\t\t<div class=\"elementor-widget-container\">\n\t\t\t\t\t\t\t<div class=\"elementor-icon-box-wrapper\">\n\n\t\t\t\t\t\t<div class=\"elementor-icon-box-icon\">\n\t\t\t\t<a href=\"tel:034652670207\" class=\"elementor-icon\" tabindex=\"-1\" aria-label=\"Telefon\">\n\t\t\t\t<i aria-hidden=\"true\" class=\"icon icon-phone-call2\"><\/i>\t\t\t\t<\/a>\n\t\t\t<\/div>\n\t\t\t\n\t\t\t\t\t\t<div class=\"elementor-icon-box-content\">\n\n\t\t\t\t\t\t\t\t\t<h3 class=\"elementor-icon-box-title\">\n\t\t\t\t\t\t<a href=\"tel:034652670207\" >\n\t\t\t\t\t\t\tTelefon\t\t\t\t\t\t<\/a>\n\t\t\t\t\t<\/h3>\n\t\t\t\t\n\t\t\t\t\t\t\t\t\t<p class=\"elementor-icon-box-description\">\n\t\t\t\t\t\t034652 \u2013 670207\t\t\t\t\t<\/p>\n\t\t\t\t\n\t\t\t<\/div>\n\t\t\t\n\t\t<\/div>\n\t\t\t\t\t\t<\/div>\n\t\t\t\t<\/div>\n\t\t\t\t<\/div>\n\t\t<div class=\"elementor-element elementor-element-4d80ad13 e-con-full e-flex e-con e-child\" data-id=\"4d80ad13\" data-element_type=\"container\">\n\t\t\t\t<div class=\"elementor-element elementor-element-3465142a elementor-view-stacked elementor-shape-square elementor-position-left animated-slow elementor-mobile-position-top elementor-invisible elementor-widget elementor-widget-icon-box\" data-id=\"3465142a\" data-element_type=\"widget\" data-settings=\"{&quot;_animation&quot;:&quot;fadeIn&quot;,&quot;_animation_delay&quot;:1000}\" data-widget_type=\"icon-box.default\">\n\t\t\t\t<div class=\"elementor-widget-container\">\n\t\t\t\t\t\t\t<div class=\"elementor-icon-box-wrapper\">\n\n\t\t\t\t\t\t<div class=\"elementor-icon-box-icon\">\n\t\t\t\t<a href=\"https:\/\/www.google.com\/maps\/place\/EMK+Allstedt+GmbH\/@51.4071559,11.3833808,17z\/data=!3m1!4b1!4m6!3m5!1s0x47a433b933607d6d:0xe30da1a44c0b43a0!8m2!3d51.4071559!4d11.3859611!16s%2Fg%2F1tq8hksr?entry=ttu\" target=\"_blank\" class=\"elementor-icon\" tabindex=\"-1\" aria-label=\"Anschrift\">\n\t\t\t\t<i aria-hidden=\"true\" class=\"icon icon-google-map\"><\/i>\t\t\t\t<\/a>\n\t\t\t<\/div>\n\t\t\t\n\t\t\t\t\t\t<div class=\"elementor-icon-box-content\">\n\n\t\t\t\t\t\t\t\t\t<h3 class=\"elementor-icon-box-title\">\n\t\t\t\t\t\t<a href=\"https:\/\/www.google.com\/maps\/place\/EMK+Allstedt+GmbH\/@51.4071559,11.3833808,17z\/data=!3m1!4b1!4m6!3m5!1s0x47a433b933607d6d:0xe30da1a44c0b43a0!8m2!3d51.4071559!4d11.3859611!16s%2Fg%2F1tq8hksr?entry=ttu\" target=\"_blank\" >\n\t\t\t\t\t\t\tAnschrift\t\t\t\t\t\t<\/a>\n\t\t\t\t\t<\/h3>\n\t\t\t\t\n\t\t\t\t\t\t\t\t\t<p class=\"elementor-icon-box-description\">\n\t\t\t\t\t\tFleckerweg 3, 06542 Allstedt\t\t\t\t\t<\/p>\n\t\t\t\t\n\t\t\t<\/div>\n\t\t\t\n\t\t<\/div>\n\t\t\t\t\t\t<\/div>\n\t\t\t\t<\/div>\n\t\t\t\t<\/div>\n\t\t\t\t\t<\/div>\n\t\t\t\t<\/div>\n\t\t\t\t<section class=\"elementor-section elementor-top-section elementor-element elementor-element-738a7e04 elementor-reverse-tablet elementor-reverse-mobile elementor-section-boxed elementor-section-height-default elementor-section-height-default\" data-id=\"738a7e04\" data-element_type=\"section\">\n\t\t\t\t\t\t<div class=\"elementor-container elementor-column-gap-default\">\n\t\t\t\t\t<div class=\"elementor-column elementor-col-100 elementor-top-column elementor-element elementor-element-4c222019\" data-id=\"4c222019\" data-element_type=\"column\" data-settings=\"{&quot;background_background&quot;:&quot;classic&quot;}\">\n\t\t\t<div class=\"elementor-widget-wrap elementor-element-populated\">\n\t\t\t\t\t\t<div class=\"elementor-element elementor-element-ee15650 elementor-widget elementor-widget-heading\" data-id=\"ee15650\" data-element_type=\"widget\" data-widget_type=\"heading.default\">\n\t\t\t\t<div class=\"elementor-widget-container\">\n\t\t\t\t\t<h2 class=\"elementor-heading-title elementor-size-default\">Wir freuen uns auf Ihre Anfrage!<\/h2>\t\t\t\t<\/div>\n\t\t\t\t<\/div>\n\t\t\t\t<div class=\"elementor-element elementor-element-489aca5 elementor-button-align-stretch elementor-widget elementor-widget-form\" data-id=\"489aca5\" data-element_type=\"widget\" data-settings=\"{&quot;step_next_label&quot;:&quot;N\\u00e4chster&quot;,&quot;step_previous_label&quot;:&quot;Voriger&quot;,&quot;button_width&quot;:&quot;100&quot;,&quot;step_type&quot;:&quot;number_text&quot;,&quot;step_icon_shape&quot;:&quot;circle&quot;}\" data-widget_type=\"form.default\">\n\t\t\t\t<div class=\"elementor-widget-container\">\n\t\t\t\t\t\t\t<form class=\"elementor-form\" method=\"post\" name=\"Neue Anfrage EMK TEC\" action=\"\">\n\t\t\t<input type=\"hidden\" name=\"post_id\" value=\"59\"\/>\n\t\t\t<input type=\"hidden\" name=\"form_id\" value=\"489aca5\"\/>\n\t\t\t<input type=\"hidden\" name=\"referer_title\" value=\"Contact - EMK TEC\" \/>\n\n\t\t\t\t\t\t\t<input type=\"hidden\" name=\"queried_id\" value=\"59\"\/>\n\t\t\t\n\t\t\t<div class=\"elementor-form-fields-wrapper elementor-labels-above\">\n\t\t\t\t\t\t\t\t<div class=\"elementor-field-type-text elementor-field-group elementor-column elementor-field-group-name elementor-col-50 elementor-field-required elementor-mark-required\">\n\t\t\t\t\t\t\t\t\t\t\t\t<label for=\"form-field-name\" class=\"elementor-field-label\">\n\t\t\t\t\t\t\t\tName\t\t\t\t\t\t\t<\/label>\n\t\t\t\t\t\t\t\t\t\t\t\t\t\t<input size=\"1\" type=\"text\" name=\"form_fields[name]\" id=\"form-field-name\" class=\"elementor-field elementor-size-sm  elementor-field-textual\" placeholder=\"Geben Sie hier Ihren vollst\u00e4ndigen Namen ein\" required=\"required\" aria-required=\"true\">\n\t\t\t\t\t\t\t\t\t\t\t<\/div>\n\t\t\t\t\t\t\t\t<div class=\"elementor-field-type-text elementor-field-group elementor-column elementor-field-group-field_f41f9e5 elementor-col-50\">\n\t\t\t\t\t\t\t\t\t\t\t\t<label for=\"form-field-field_f41f9e5\" class=\"elementor-field-label\">\n\t\t\t\t\t\t\t\tFirma\t\t\t\t\t\t\t<\/label>\n\t\t\t\t\t\t\t\t\t\t\t\t\t\t<input size=\"1\" type=\"text\" name=\"form_fields[field_f41f9e5]\" id=\"form-field-field_f41f9e5\" class=\"elementor-field elementor-size-sm  elementor-field-textual\" placeholder=\"Geben Sie hier Ihr Unternehmen ein\">\n\t\t\t\t\t\t\t\t\t\t\t<\/div>\n\t\t\t\t\t\t\t\t<div class=\"elementor-field-type-text\">\n\t\t\t\t\t<input size=\"1\" type=\"text\" name=\"form_fields[field_5b2d992]\" id=\"form-field-field_5b2d992\" class=\"elementor-field elementor-size-sm\" style=\"display:none !important;\">\t\t\t\t<\/div>\n\t\t\t\t\t\t\t\t<div class=\"elementor-field-type-email elementor-field-group elementor-column elementor-field-group-email elementor-col-50 elementor-field-required elementor-mark-required\">\n\t\t\t\t\t\t\t\t\t\t\t\t<label for=\"form-field-email\" class=\"elementor-field-label\">\n\t\t\t\t\t\t\t\tE-Mail\t\t\t\t\t\t\t<\/label>\n\t\t\t\t\t\t\t\t\t\t\t\t\t\t<input size=\"1\" type=\"email\" name=\"form_fields[email]\" id=\"form-field-email\" class=\"elementor-field elementor-size-sm  elementor-field-textual\" placeholder=\"Geben Sie hier Ihre E-Mail Adresse ein\" required=\"required\" aria-required=\"true\">\n\t\t\t\t\t\t\t\t\t\t\t<\/div>\n\t\t\t\t\t\t\t\t<div class=\"elementor-field-type-tel elementor-field-group elementor-column elementor-field-group-field_b7aba20 elementor-col-50 elementor-field-required elementor-mark-required\">\n\t\t\t\t\t\t\t\t\t\t\t\t<label for=\"form-field-field_b7aba20\" class=\"elementor-field-label\">\n\t\t\t\t\t\t\t\tTelefon\t\t\t\t\t\t\t<\/label>\n\t\t\t\t\t\t\t\t<input size=\"1\" type=\"tel\" name=\"form_fields[field_b7aba20]\" id=\"form-field-field_b7aba20\" class=\"elementor-field elementor-size-sm  elementor-field-textual\" placeholder=\"Geben Sie hier Ihre Telefonnummer ein\" required=\"required\" aria-required=\"true\" pattern=\"[0-9()#&amp;+*-=.]+\" title=\"Nur Nummern oder Telefon-Zeichen (#, -, *, etc) werden akzeptiert.\" data-no-translation-title=\"\">\n\n\t\t\t\t\t\t<\/div>\n\t\t\t\t\t\t\t\t<div class=\"elementor-field-type-textarea elementor-field-group elementor-column elementor-field-group-message elementor-col-100 elementor-field-required elementor-mark-required\">\n\t\t\t\t\t\t\t\t\t\t\t\t<label for=\"form-field-message\" class=\"elementor-field-label\">\n\t\t\t\t\t\t\t\tNachricht\t\t\t\t\t\t\t<\/label>\n\t\t\t\t\t\t<textarea class=\"elementor-field-textual elementor-field  elementor-size-sm\" name=\"form_fields[message]\" id=\"form-field-message\" rows=\"4\" placeholder=\"Geben Sie hier Ihre Anfrage ein.\" required=\"required\" aria-required=\"true\"><\/textarea>\t\t\t\t<\/div>\n\t\t\t\t\t\t\t\t<div class=\"elementor-field-type-upload elementor-field-group elementor-column elementor-field-group-field_efd2fa8 elementor-col-100\">\n\t\t\t\t\t\t\t\t\t\t\t\t<label for=\"form-field-field_efd2fa8\" class=\"elementor-field-label\">\n\t\t\t\t\t\t\t\tDaten hochladen (optional)\t\t\t\t\t\t\t<\/label>\n\t\t\t\t\t\t\t\t<input type=\"file\" name=\"form_fields[field_efd2fa8][]\" id=\"form-field-field_efd2fa8\" class=\"elementor-field elementor-size-sm  elementor-upload-field\" multiple=\"multiple\" data-maxsize=\"20\" data-maxsize-message=\"Diese Datei \u00fcbersteigt die maximale Dateigr\u00f6\u00dfe\" data-no-translation-data-maxsize-message=\"\">\n\n\t\t\t\t\t\t<\/div>\n\t\t\t\t\t\t\t\t<div class=\"elementor-field-type-acceptance elementor-field-group elementor-column elementor-field-group-field_3ef294c elementor-col-100 elementor-field-required elementor-mark-required\">\n\t\t\t\t\t\t\t\t\t\t\t\t<label for=\"form-field-field_3ef294c\" class=\"elementor-field-label\">\n\t\t\t\t\t\t\t\tDatenschutzerkl\u00e4rung\t\t\t\t\t\t\t<\/label>\n\t\t\t\t\t\t\t\t<div class=\"elementor-field-subgroup\">\n\t\t\t<span class=\"elementor-field-option\">\n\t\t\t\t<input type=\"checkbox\" name=\"form_fields[field_3ef294c]\" id=\"form-field-field_3ef294c\" class=\"elementor-field elementor-size-sm  elementor-acceptance-field\" required=\"required\" aria-required=\"true\">\n\t\t\t\t<label for=\"form-field-field_3ef294c\">Ich habe die <a href=\"\/de\/\u201chttps:\/\/emk-tec.com\/privacy-policy\/\u201d\/\">Datenschutzerkl\u00e4rung<\/a>\nzur Kenntnis genommen. Ich bin damit einverstanden, dass meine Angaben und Daten zur Beantwortung meiner Anfrage elektronisch erhoben, gespeichert und verarbeitet werden. Die Daten werden nach Erledigung Ihrer Anfrage gel\u00f6scht. Hinweis: Sie k\u00f6nnen Ihre Einwilligung jederzeit f\u00fcr die Zukunft per E-Mail an info[at]emk-allstedt.com widerrufen.<\/label>\t\t\t<\/span>\n\t\t<\/div>\n\t\t\t\t\t\t<\/div>\n\t\t\t\t\t\t\t\t<div class=\"elementor-field-type-recaptcha_v3 elementor-field-group elementor-column elementor-field-group-field_e9c01ca elementor-col-100 recaptcha_v3-inline\">\n\t\t\t\t\t<div class=\"elementor-field\" id=\"form-field-field_e9c01ca\"><div class=\"elementor-g-recaptcha\" data-sitekey=\"6LcQq10qAAAAAHohA2uzv2Fw4_XqyTSqyKLNYqx6\" data-type=\"v3\" data-action=\"Form\" data-badge=\"inline\" data-size=\"invisible\"><\/div><\/div>\t\t\t\t<\/div>\n\t\t\t\t\t\t\t\t<div class=\"elementor-field-group elementor-column elementor-field-type-submit elementor-col-100 e-form__buttons\">\n\t\t\t\t\t<button class=\"elementor-button elementor-size-sm\" type=\"submit\">\n\t\t\t\t\t\t<span class=\"elementor-button-content-wrapper\">\n\t\t\t\t\t\t\t\t\t\t\t\t\t\t\t\t\t\t\t\t\t\t<span class=\"elementor-button-text\">Senden<\/span>\n\t\t\t\t\t\t\t\t\t\t\t\t\t<\/span>\n\t\t\t\t\t<\/button>\n\t\t\t\t<\/div>\n\t\t\t<\/div>\n\t\t<input type=\"hidden\" name=\"trp-form-language\" value=\"de\"\/><\/form>\n\t\t\t\t\t\t<\/div>\n\t\t\t\t<\/div>\n\t\t\t\t\t<\/div>\n\t\t<\/div>\n\t\t\t\t\t<\/div>\n\t\t<\/section>\n\t\t\t\t<\/div>","protected":false},"excerpt":{"rendered":"<p>Contact E-Mail info@emk-tec.com Phone 034652 \u2013 670207 Address Fleckerweg 3, 06542 Allstedt We look forward to your inquiry!<\/p>","protected":false},"author":1,"featured_media":0,"parent":0,"menu_order":0,"comment_status":"closed","ping_status":"closed","template":"","meta":{"footnotes":""},"class_list":["post-59","page","type-page","status-publish","hentry"],"yoast_head":"<!-- This site is optimized with the Yoast SEO plugin v26.2 - https:\/\/yoast.com\/wordpress\/plugins\/seo\/ -->\n<title>Contact - EMK TEC<\/title>\n<meta name=\"description\" content=\"Contact us. Let&#039;s talk about your project today. Get in touch with us. We are happy to be available for you.\" \/>\n<meta name=\"robots\" content=\"index, follow, max-snippet:-1, max-image-preview:large, max-video-preview:-1\" \/>\n<link rel=\"canonical\" href=\"https:\/\/emk-tec.com\/de\/contact\/\" \/>\n<meta property=\"og:locale\" content=\"de_DE\" \/>\n<meta property=\"og:type\" content=\"article\" \/>\n<meta property=\"og:title\" content=\"Contact - EMK TEC\" \/>\n<meta property=\"og:description\" content=\"Contact us. Let&#039;s talk about your project today. Get in touch with us. We are happy to be available for you.\" \/>\n<meta property=\"og:url\" content=\"https:\/\/emk-tec.com\/de\/contact\/\" \/>\n<meta property=\"og:site_name\" content=\"EMK TEC\" \/>\n<meta property=\"article:modified_time\" content=\"2024-11-05T12:14:07+00:00\" \/>\n<meta name=\"twitter:card\" content=\"summary_large_image\" \/>\n<meta name=\"twitter:label1\" content=\"Gesch\u00e4tzte Lesezeit\" \/>\n\t<meta name=\"twitter:data1\" content=\"1\u00a0Minute\" \/>\n<script type=\"application\/ld+json\" class=\"yoast-schema-graph\">{\"@context\":\"https:\/\/schema.org\",\"@graph\":[{\"@type\":\"WebPage\",\"@id\":\"https:\/\/emk-tec.com\/contact\/\",\"url\":\"https:\/\/emk-tec.com\/contact\/\",\"name\":\"Contact - EMK TEC\",\"isPartOf\":{\"@id\":\"https:\/\/emk-tec.com\/#website\"},\"datePublished\":\"2024-09-06T21:53:22+00:00\",\"dateModified\":\"2024-11-05T12:14:07+00:00\",\"description\":\"Contact us. Let's talk about your project today. Get in touch with us. We are happy to be available for you.\",\"breadcrumb\":{\"@id\":\"https:\/\/emk-tec.com\/contact\/#breadcrumb\"},\"inLanguage\":\"de\",\"potentialAction\":[{\"@type\":\"ReadAction\",\"target\":[\"https:\/\/emk-tec.com\/contact\/\"]}]},{\"@type\":\"BreadcrumbList\",\"@id\":\"https:\/\/emk-tec.com\/contact\/#breadcrumb\",\"itemListElement\":[{\"@type\":\"ListItem\",\"position\":1,\"name\":\"Startseite\",\"item\":\"https:\/\/emk-tec.com\/\"},{\"@type\":\"ListItem\",\"position\":2,\"name\":\"Contact\"}]},{\"@type\":\"WebSite\",\"@id\":\"https:\/\/emk-tec.com\/#website\",\"url\":\"https:\/\/emk-tec.com\/\",\"name\":\"EMK TEC\",\"description\":\"Your partner for thin-walled laser welding and global logistics in Allstedt\",\"publisher\":{\"@id\":\"https:\/\/emk-tec.com\/#organization\"},\"potentialAction\":[{\"@type\":\"SearchAction\",\"target\":{\"@type\":\"EntryPoint\",\"urlTemplate\":\"https:\/\/emk-tec.com\/?s={search_term_string}\"},\"query-input\":{\"@type\":\"PropertyValueSpecification\",\"valueRequired\":true,\"valueName\":\"search_term_string\"}}],\"inLanguage\":\"de\"},{\"@type\":\"Organization\",\"@id\":\"https:\/\/emk-tec.com\/#organization\",\"name\":\"EMK TEC\",\"url\":\"https:\/\/emk-tec.com\/\",\"logo\":{\"@type\":\"ImageObject\",\"inLanguage\":\"de\",\"@id\":\"https:\/\/emk-tec.com\/#\/schema\/logo\/image\/\",\"url\":\"https:\/\/emk-tec.com\/wp-content\/uploads\/2024\/09\/cropped-Logo_EMK-Tec.webp\",\"contentUrl\":\"https:\/\/emk-tec.com\/wp-content\/uploads\/2024\/09\/cropped-Logo_EMK-Tec.webp\",\"width\":623,\"height\":178,\"caption\":\"EMK TEC\"},\"image\":{\"@id\":\"https:\/\/emk-tec.com\/#\/schema\/logo\/image\/\"}}]}<\/script>\n<!-- \/ Yoast SEO plugin. -->","yoast_head_json":{"title":"Contact - EMK TEC","description":"Contact us. Let's talk about your project today. Get in touch with us. We are happy to be available for you.","robots":{"index":"index","follow":"follow","max-snippet":"max-snippet:-1","max-image-preview":"max-image-preview:large","max-video-preview":"max-video-preview:-1"},"canonical":"https:\/\/emk-tec.com\/de\/contact\/","og_locale":"de_DE","og_type":"article","og_title":"Contact - EMK TEC","og_description":"Contact us. Let's talk about your project today. Get in touch with us. We are happy to be available for you.","og_url":"https:\/\/emk-tec.com\/de\/contact\/","og_site_name":"EMK TEC","article_modified_time":"2024-11-05T12:14:07+00:00","twitter_card":"summary_large_image","twitter_misc":{"Gesch\u00e4tzte Lesezeit":"1\u00a0Minute"},"schema":{"@context":"https:\/\/schema.org","@graph":[{"@type":"WebPage","@id":"https:\/\/emk-tec.com\/contact\/","url":"https:\/\/emk-tec.com\/contact\/","name":"Contact - EMK TEC","isPartOf":{"@id":"https:\/\/emk-tec.com\/#website"},"datePublished":"2024-09-06T21:53:22+00:00","dateModified":"2024-11-05T12:14:07+00:00","description":"Contact us. Let's talk about your project today. Get in touch with us. We are happy to be available for you.","breadcrumb":{"@id":"https:\/\/emk-tec.com\/contact\/#breadcrumb"},"inLanguage":"de","potentialAction":[{"@type":"ReadAction","target":["https:\/\/emk-tec.com\/contact\/"]}]},{"@type":"BreadcrumbList","@id":"https:\/\/emk-tec.com\/contact\/#breadcrumb","itemListElement":[{"@type":"ListItem","position":1,"name":"Startseite","item":"https:\/\/emk-tec.com\/"},{"@type":"ListItem","position":2,"name":"Contact"}]},{"@type":"WebSite","@id":"https:\/\/emk-tec.com\/#website","url":"https:\/\/emk-tec.com\/","name":"EMK TEC","description":"Ihr Partner f\u00fcr D\u00fcnnwandlaserschwei\u00dfen und weltweite Logistik aus Allstedt","publisher":{"@id":"https:\/\/emk-tec.com\/#organization"},"potentialAction":[{"@type":"SearchAction","target":{"@type":"EntryPoint","urlTemplate":"https:\/\/emk-tec.com\/?s={search_term_string}"},"query-input":{"@type":"PropertyValueSpecification","valueRequired":true,"valueName":"search_term_string"}}],"inLanguage":"de"},{"@type":"Organization","@id":"https:\/\/emk-tec.com\/#organization","name":"EMK TEC","url":"https:\/\/emk-tec.com\/","logo":{"@type":"ImageObject","inLanguage":"de","@id":"https:\/\/emk-tec.com\/#\/schema\/logo\/image\/","url":"https:\/\/emk-tec.com\/wp-content\/uploads\/2024\/09\/cropped-Logo_EMK-Tec.webp","contentUrl":"https:\/\/emk-tec.com\/wp-content\/uploads\/2024\/09\/cropped-Logo_EMK-Tec.webp","width":623,"height":178,"caption":"EMK TEC"},"image":{"@id":"https:\/\/emk-tec.com\/#\/schema\/logo\/image\/"}}]}},"_links":{"self":[{"href":"https:\/\/emk-tec.com\/de\/wp-json\/wp\/v2\/pages\/59","targetHints":{"allow":["GET"]}}],"collection":[{"href":"https:\/\/emk-tec.com\/de\/wp-json\/wp\/v2\/pages"}],"about":[{"href":"https:\/\/emk-tec.com\/de\/wp-json\/wp\/v2\/types\/page"}],"author":[{"embeddable":true,"href":"https:\/\/emk-tec.com\/de\/wp-json\/wp\/v2\/users\/1"}],"replies":[{"embeddable":true,"href":"https:\/\/emk-tec.com\/de\/wp-json\/wp\/v2\/comments?post=59"}],"version-history":[{"count":28,"href":"https:\/\/emk-tec.com\/de\/wp-json\/wp\/v2\/pages\/59\/revisions"}],"predecessor-version":[{"id":363,"href":"https:\/\/emk-tec.com\/de\/wp-json\/wp\/v2\/pages\/59\/revisions\/363"}],"wp:attachment":[{"href":"https:\/\/emk-tec.com\/de\/wp-json\/wp\/v2\/media?parent=59"}],"curies":[{"name":"wp","href":"https:\/\/api.w.org\/{rel}","templated":true}]}}