{"id":8,"date":"2024-09-06T22:52:17","date_gmt":"2024-09-06T20:52:17","guid":{"rendered":"https:\/\/dev.emk-tec.com\/?page_id=8"},"modified":"2024-10-10T13:03:13","modified_gmt":"2024-10-10T11:03:13","slug":"imprint","status":"publish","type":"page","link":"https:\/\/emk-tec.com\/de\/imprint\/","title":{"rendered":"Impressum"},"content":{"rendered":"<div data-elementor-type=\"wp-page\" data-elementor-id=\"8\" class=\"elementor elementor-8\" data-elementor-post-type=\"page\">\n\t\t\t\t<div class=\"elementor-element elementor-element-12b10d6 e-flex e-con-boxed e-con e-parent\" data-id=\"12b10d6\" data-element_type=\"container\">\n\t\t\t\t\t<div class=\"e-con-inner\">\n\t\t\t\t<div class=\"elementor-element elementor-element-d1eeaa7 elementor-widget elementor-widget-html\" data-id=\"d1eeaa7\" data-element_type=\"widget\" data-widget_type=\"html.default\">\n\t\t\t\t<div class=\"elementor-widget-container\">\n\t\t\t\t\t<h1>Impressum<\/h1>\r\n\r\n<p>EMK TEC GmbH<br \/>\r\nFleckerweg 3<br \/>\r\n06542 Allstedt<\/p>\r\n\r\n<p>Handelsregister: HRB 25053<br \/>\r\nRegistergericht: Amtsgericht Stendal<\/p>\r\n\r\n<p><strong>Vertreten durch:<\/strong><br \/>\r\nKai L&uuml;ttig \/ Gesch&auml;ftsf&uuml;hrender Gesellschafter<\/p>\r\n\r\n<h2>Kontakt<\/h2>\r\n<p>Telefon: +49 (0) 34652 \u2013 670207<br \/>\r\nTelefax: +49 (0) 34652 &ndash; 670208<br \/>\r\nE-mail: info@emk-tec.com<\/p>\r\n\r\n<h2>UMSATZSTEUERIDENTIFIKATIONSNUMMER<\/h2>\r\n<p>Umsatzsteuer-Identifikationsnummer gem\u00e4\u00df \u00a7 27 a Umsatzsteuergesetz:<br \/>\r\nDE314939469<\/p>\r\n\r\n<h2>Streitbeilegungsverfahren vor einer Verbraucherschlichtungsstelle<\/h2>\r\n<p>Wir sind nicht bereit oder verpflichtet, an einem Streitbeilegungsverfahren vor einer Verbraucherschlichtungsstelle teilzunehmen.<\/p>\t\t\t\t<\/div>\n\t\t\t\t<\/div>\n\t\t\t\t\t<\/div>\n\t\t\t\t<\/div>\n\t\t<div class=\"elementor-element elementor-element-668de79 e-flex e-con-boxed e-con e-parent\" data-id=\"668de79\" data-element_type=\"container\">\n\t\t\t\t\t<div class=\"e-con-inner\">\n\t\t<div class=\"elementor-element elementor-element-c21a824 e-con-full e-flex e-con e-child\" data-id=\"c21a824\" data-element_type=\"container\">\n\t\t\t\t<div class=\"elementor-element elementor-element-3f3b6b3 elementor-widget elementor-widget-text-editor\" data-id=\"3f3b6b3\" data-element_type=\"widget\" data-widget_type=\"text-editor.default\">\n\t\t\t\t<div class=\"elementor-widget-container\">\n\t\t\t\t\t\t\t\t\t<p><strong>Bildrechte<\/strong><br \/>Video Startseite &amp; Indigo von\u00a0<a href=\"https:\/\/indigocold.org\">INDIGO<\/a><\/p><p>Startseite Globale Logistikl\u00f6sung (AI-generiert) von\u00a0<a href=\"https:\/\/www.freepik.com\/\">Freepik<\/a><\/p><p>Startseite Projekte von\u00a0<a href=\"https:\/\/newface-media.de\">new face Media<\/a><\/p><p>Seite Indigo Video und Bilder von <a href=\"https:\/\/indigocold.org\">INDIGO<\/a><\/p><p>Seite Indigo Einblicke in die Produktion von\u00a0<a href=\"https:\/\/newface-media.de\">new face Media<\/a><\/p>\t\t\t\t\t\t\t\t<\/div>\n\t\t\t\t<\/div>\n\t\t\t\t<\/div>\n\t\t\t\t\t<\/div>\n\t\t\t\t<\/div>\n\t\t\t\t<section class=\"elementor-section elementor-top-section elementor-element elementor-element-6906c80 elementor-section-boxed elementor-section-height-default elementor-section-height-default\" data-id=\"6906c80\" data-element_type=\"section\">\n\t\t\t\t\t\t<div class=\"elementor-container elementor-column-gap-default\">\n\t\t\t\t\t<div class=\"elementor-column elementor-col-50 elementor-top-column elementor-element elementor-element-eec62b1\" data-id=\"eec62b1\" data-element_type=\"column\">\n\t\t\t<div class=\"elementor-widget-wrap elementor-element-populated\">\n\t\t\t\t\t\t<div class=\"elementor-element elementor-element-79d14b34 elementor-widget elementor-widget-heading\" data-id=\"79d14b34\" data-element_type=\"widget\" data-widget_type=\"heading.default\">\n\t\t\t\t<div class=\"elementor-widget-container\">\n\t\t\t\t\t<h2 class=\"elementor-heading-title elementor-size-default\">Conception &amp; realization<\/h2>\t\t\t\t<\/div>\n\t\t\t\t<\/div>\n\t\t\t\t<div class=\"elementor-element elementor-element-55d37b91 elementor-widget elementor-widget-text-editor\" data-id=\"55d37b91\" data-element_type=\"widget\" data-widget_type=\"text-editor.default\">\n\t\t\t\t<div class=\"elementor-widget-container\">\n\t\t\t\t\t\t\t\t\t<p>new face - Wir decken alle Disziplinen der Kommunikation ab und setzen dabei auf einen integrierten 360\u00b0-Ansatz. Erfahren Sie jetzt mehr \u00fcber uns unter <a href=\"https:\/\/newface-media.de\">https:\/\/newface-media.de<\/a><\/p>\t\t\t\t\t\t\t\t<\/div>\n\t\t\t\t<\/div>\n\t\t\t\t<div class=\"elementor-element elementor-element-6680228d elementor-widget elementor-widget-heading\" data-id=\"6680228d\" data-element_type=\"widget\" data-widget_type=\"heading.default\">\n\t\t\t\t<div class=\"elementor-widget-container\">\n\t\t\t\t\t<h2 class=\"elementor-heading-title elementor-size-default\">Nehmen Sie Kontakt mit uns auf<\/h2>\t\t\t\t<\/div>\n\t\t\t\t<\/div>\n\t\t\t\t<div class=\"elementor-element elementor-element-6d4b10dd elementor-widget elementor-widget-text-editor\" data-id=\"6d4b10dd\" data-element_type=\"widget\" data-widget_type=\"text-editor.default\">\n\t\t\t\t<div class=\"elementor-widget-container\">\n\t\t\t\t\t\t\t\t\t<p>new face Media GmbH<br \/>Friedrich-Schmidt-Stra\u00dfe 9<br \/>06526 Sangerhausen<\/p><p>T. 03464 544 80 51<br \/>F. 03464 544 80 55<\/p><p><a href=\"https:\/\/www.newface-media.de\/\" target=\"_blank\" rel=\"noopener\">www.newface-media.de<\/a><br \/><a href=\"mailto:info@newface-media.de\">info@newface-media.de<\/a><\/p>\t\t\t\t\t\t\t\t<\/div>\n\t\t\t\t<\/div>\n\t\t\t\t\t<\/div>\n\t\t<\/div>\n\t\t\t\t<div class=\"elementor-column elementor-col-50 elementor-top-column elementor-element elementor-element-fedfcde\" data-id=\"fedfcde\" data-element_type=\"column\">\n\t\t\t<div class=\"elementor-widget-wrap elementor-element-populated\">\n\t\t\t\t\t\t<div class=\"elementor-element elementor-element-14a826a elementor-widget elementor-widget-image\" data-id=\"14a826a\" data-element_type=\"widget\" data-widget_type=\"image.default\">\n\t\t\t\t<div class=\"elementor-widget-container\">\n\t\t\t\t\t\t\t\t\t\t\t\t\t\t\t\t<a href=\"http:\/\/newface-media.de\" target=\"_blank\">\n\t\t\t\t\t\t\t<img fetchpriority=\"high\" decoding=\"async\" width=\"500\" height=\"500\" src=\"https:\/\/emk-tec.com\/wp-content\/uploads\/2024\/09\/LogoKopf_500x500px-1.webp\" class=\"attachment-large size-large wp-image-252\" alt=\"\" srcset=\"https:\/\/emk-tec.com\/wp-content\/uploads\/2024\/09\/LogoKopf_500x500px-1.webp 500w, https:\/\/emk-tec.com\/wp-content\/uploads\/2024\/09\/LogoKopf_500x500px-1-300x300.webp 300w, https:\/\/emk-tec.com\/wp-content\/uploads\/2024\/09\/LogoKopf_500x500px-1-150x150.webp 150w, https:\/\/emk-tec.com\/wp-content\/uploads\/2024\/09\/LogoKopf_500x500px-1-12x12.webp 12w\" sizes=\"(max-width: 500px) 100vw, 500px\" \/>\t\t\t\t\t\t\t\t<\/a>\n\t\t\t\t\t\t\t\t\t\t\t\t\t\t\t<\/div>\n\t\t\t\t<\/div>\n\t\t\t\t\t<\/div>\n\t\t<\/div>\n\t\t\t\t\t<\/div>\n\t\t<\/section>\n\t\t\t\t<\/div>","protected":false},"excerpt":{"rendered":"<p>Site Notice EMK TEC GmbH Fleckerweg 3 06542 Allstedt Commercial Register: HRB 25053 Registration court: Amtsgericht Stendal Represented by: Kai L&uuml;ttig \/ Gesch&auml;ftsf&uuml;hrender Gesellschafter Contact Phone: +49 (0) 34652 &ndash; 670207 Telefax: +49 (0) 34652 &ndash; 670208 E-mail: info@emk-tec.com VAT ID Sales tax identification number according to Sect. 27 a of the Sales Tax Law: [&hellip;]<\/p>","protected":false},"author":1,"featured_media":0,"parent":0,"menu_order":0,"comment_status":"closed","ping_status":"closed","template":"","meta":{"footnotes":""},"class_list":["post-8","page","type-page","status-publish","hentry"],"yoast_head":"<!-- This site is optimized with the Yoast SEO plugin v26.2 - https:\/\/yoast.com\/wordpress\/plugins\/seo\/ -->\n<title>Imprint - EMK TEC<\/title>\n<meta name=\"robots\" content=\"noindex, follow\" \/>\n<meta property=\"og:locale\" content=\"de_DE\" \/>\n<meta property=\"og:type\" content=\"article\" \/>\n<meta property=\"og:title\" content=\"Imprint - EMK TEC\" \/>\n<meta property=\"og:description\" content=\"Site Notice EMK TEC GmbH Fleckerweg 3 06542 Allstedt Commercial Register: HRB 25053 Registration court: Amtsgericht Stendal Represented by: Kai L&uuml;ttig \/ Gesch&auml;ftsf&uuml;hrender Gesellschafter Contact Phone: +49 (0) 34652 &ndash; 670207 Telefax: +49 (0) 34652 &ndash; 670208 E-mail: info@emk-tec.com VAT ID Sales tax identification number according to Sect. 27 a of the Sales Tax Law: [&hellip;]\" \/>\n<meta property=\"og:url\" content=\"https:\/\/emk-tec.com\/de\/imprint\/\" \/>\n<meta property=\"og:site_name\" content=\"EMK TEC\" \/>\n<meta property=\"article:modified_time\" content=\"2024-10-10T11:03:13+00:00\" \/>\n<meta property=\"og:image\" content=\"https:\/\/dev.emk-tec.com\/wp-content\/uploads\/2024\/09\/LogoKopf_500x500px-1.webp\" \/>\n<meta name=\"twitter:card\" content=\"summary_large_image\" \/>\n<meta name=\"twitter:label1\" content=\"Gesch\u00e4tzte Lesezeit\" \/>\n\t<meta name=\"twitter:data1\" content=\"1\u00a0Minute\" \/>\n<script type=\"application\/ld+json\" class=\"yoast-schema-graph\">{\"@context\":\"https:\/\/schema.org\",\"@graph\":[{\"@type\":\"WebPage\",\"@id\":\"https:\/\/emk-tec.com\/imprint\/\",\"url\":\"https:\/\/emk-tec.com\/imprint\/\",\"name\":\"Imprint - EMK TEC\",\"isPartOf\":{\"@id\":\"https:\/\/emk-tec.com\/#website\"},\"primaryImageOfPage\":{\"@id\":\"https:\/\/emk-tec.com\/imprint\/#primaryimage\"},\"image\":{\"@id\":\"https:\/\/emk-tec.com\/imprint\/#primaryimage\"},\"thumbnailUrl\":\"https:\/\/dev.emk-tec.com\/wp-content\/uploads\/2024\/09\/LogoKopf_500x500px-1.webp\",\"datePublished\":\"2024-09-06T20:52:17+00:00\",\"dateModified\":\"2024-10-10T11:03:13+00:00\",\"breadcrumb\":{\"@id\":\"https:\/\/emk-tec.com\/imprint\/#breadcrumb\"},\"inLanguage\":\"de\",\"potentialAction\":[{\"@type\":\"ReadAction\",\"target\":[\"https:\/\/emk-tec.com\/imprint\/\"]}]},{\"@type\":\"ImageObject\",\"inLanguage\":\"de\",\"@id\":\"https:\/\/emk-tec.com\/imprint\/#primaryimage\",\"url\":\"https:\/\/dev.emk-tec.com\/wp-content\/uploads\/2024\/09\/LogoKopf_500x500px-1.webp\",\"contentUrl\":\"https:\/\/dev.emk-tec.com\/wp-content\/uploads\/2024\/09\/LogoKopf_500x500px-1.webp\"},{\"@type\":\"BreadcrumbList\",\"@id\":\"https:\/\/emk-tec.com\/imprint\/#breadcrumb\",\"itemListElement\":[{\"@type\":\"ListItem\",\"position\":1,\"name\":\"Startseite\",\"item\":\"https:\/\/emk-tec.com\/\"},{\"@type\":\"ListItem\",\"position\":2,\"name\":\"Imprint\"}]},{\"@type\":\"WebSite\",\"@id\":\"https:\/\/emk-tec.com\/#website\",\"url\":\"https:\/\/emk-tec.com\/\",\"name\":\"EMK TEC\",\"description\":\"Your partner for thin-walled laser welding and global logistics in Allstedt\",\"publisher\":{\"@id\":\"https:\/\/emk-tec.com\/#organization\"},\"potentialAction\":[{\"@type\":\"SearchAction\",\"target\":{\"@type\":\"EntryPoint\",\"urlTemplate\":\"https:\/\/emk-tec.com\/?s={search_term_string}\"},\"query-input\":{\"@type\":\"PropertyValueSpecification\",\"valueRequired\":true,\"valueName\":\"search_term_string\"}}],\"inLanguage\":\"de\"},{\"@type\":\"Organization\",\"@id\":\"https:\/\/emk-tec.com\/#organization\",\"name\":\"EMK TEC\",\"url\":\"https:\/\/emk-tec.com\/\",\"logo\":{\"@type\":\"ImageObject\",\"inLanguage\":\"de\",\"@id\":\"https:\/\/emk-tec.com\/#\/schema\/logo\/image\/\",\"url\":\"https:\/\/emk-tec.com\/wp-content\/uploads\/2024\/09\/cropped-Logo_EMK-Tec.webp\",\"contentUrl\":\"https:\/\/emk-tec.com\/wp-content\/uploads\/2024\/09\/cropped-Logo_EMK-Tec.webp\",\"width\":623,\"height\":178,\"caption\":\"EMK TEC\"},\"image\":{\"@id\":\"https:\/\/emk-tec.com\/#\/schema\/logo\/image\/\"}}]}<\/script>\n<!-- \/ Yoast SEO plugin. -->","yoast_head_json":{"title":"Imprint - EMK TEC","robots":{"index":"noindex","follow":"follow"},"og_locale":"de_DE","og_type":"article","og_title":"Imprint - EMK TEC","og_description":"Site Notice EMK TEC GmbH Fleckerweg 3 06542 Allstedt Commercial Register: HRB 25053 Registration court: Amtsgericht Stendal Represented by: Kai L&uuml;ttig \/ Gesch&auml;ftsf&uuml;hrender Gesellschafter Contact Phone: +49 (0) 34652 &ndash; 670207 Telefax: +49 (0) 34652 &ndash; 670208 E-mail: info@emk-tec.com VAT ID Sales tax identification number according to Sect. 27 a of the Sales Tax Law: [&hellip;]","og_url":"https:\/\/emk-tec.com\/de\/imprint\/","og_site_name":"EMK TEC","article_modified_time":"2024-10-10T11:03:13+00:00","og_image":[{"url":"https:\/\/dev.emk-tec.com\/wp-content\/uploads\/2024\/09\/LogoKopf_500x500px-1.webp","type":"","width":"","height":""}],"twitter_card":"summary_large_image","twitter_misc":{"Gesch\u00e4tzte Lesezeit":"1\u00a0Minute"},"schema":{"@context":"https:\/\/schema.org","@graph":[{"@type":"WebPage","@id":"https:\/\/emk-tec.com\/imprint\/","url":"https:\/\/emk-tec.com\/imprint\/","name":"Imprint - EMK TEC","isPartOf":{"@id":"https:\/\/emk-tec.com\/#website"},"primaryImageOfPage":{"@id":"https:\/\/emk-tec.com\/imprint\/#primaryimage"},"image":{"@id":"https:\/\/emk-tec.com\/imprint\/#primaryimage"},"thumbnailUrl":"https:\/\/dev.emk-tec.com\/wp-content\/uploads\/2024\/09\/LogoKopf_500x500px-1.webp","datePublished":"2024-09-06T20:52:17+00:00","dateModified":"2024-10-10T11:03:13+00:00","breadcrumb":{"@id":"https:\/\/emk-tec.com\/imprint\/#breadcrumb"},"inLanguage":"de","potentialAction":[{"@type":"ReadAction","target":["https:\/\/emk-tec.com\/imprint\/"]}]},{"@type":"ImageObject","inLanguage":"de","@id":"https:\/\/emk-tec.com\/imprint\/#primaryimage","url":"https:\/\/dev.emk-tec.com\/wp-content\/uploads\/2024\/09\/LogoKopf_500x500px-1.webp","contentUrl":"https:\/\/dev.emk-tec.com\/wp-content\/uploads\/2024\/09\/LogoKopf_500x500px-1.webp"},{"@type":"BreadcrumbList","@id":"https:\/\/emk-tec.com\/imprint\/#breadcrumb","itemListElement":[{"@type":"ListItem","position":1,"name":"Startseite","item":"https:\/\/emk-tec.com\/"},{"@type":"ListItem","position":2,"name":"Imprint"}]},{"@type":"WebSite","@id":"https:\/\/emk-tec.com\/#website","url":"https:\/\/emk-tec.com\/","name":"EMK TEC","description":"Ihr Partner f\u00fcr D\u00fcnnwandlaserschwei\u00dfen und weltweite Logistik aus Allstedt","publisher":{"@id":"https:\/\/emk-tec.com\/#organization"},"potentialAction":[{"@type":"SearchAction","target":{"@type":"EntryPoint","urlTemplate":"https:\/\/emk-tec.com\/?s={search_term_string}"},"query-input":{"@type":"PropertyValueSpecification","valueRequired":true,"valueName":"search_term_string"}}],"inLanguage":"de"},{"@type":"Organization","@id":"https:\/\/emk-tec.com\/#organization","name":"EMK TEC","url":"https:\/\/emk-tec.com\/","logo":{"@type":"ImageObject","inLanguage":"de","@id":"https:\/\/emk-tec.com\/#\/schema\/logo\/image\/","url":"https:\/\/emk-tec.com\/wp-content\/uploads\/2024\/09\/cropped-Logo_EMK-Tec.webp","contentUrl":"https:\/\/emk-tec.com\/wp-content\/uploads\/2024\/09\/cropped-Logo_EMK-Tec.webp","width":623,"height":178,"caption":"EMK TEC"},"image":{"@id":"https:\/\/emk-tec.com\/#\/schema\/logo\/image\/"}}]}},"_links":{"self":[{"href":"https:\/\/emk-tec.com\/de\/wp-json\/wp\/v2\/pages\/8","targetHints":{"allow":["GET"]}}],"collection":[{"href":"https:\/\/emk-tec.com\/de\/wp-json\/wp\/v2\/pages"}],"about":[{"href":"https:\/\/emk-tec.com\/de\/wp-json\/wp\/v2\/types\/page"}],"author":[{"embeddable":true,"href":"https:\/\/emk-tec.com\/de\/wp-json\/wp\/v2\/users\/1"}],"replies":[{"embeddable":true,"href":"https:\/\/emk-tec.com\/de\/wp-json\/wp\/v2\/comments?post=8"}],"version-history":[{"count":13,"href":"https:\/\/emk-tec.com\/de\/wp-json\/wp\/v2\/pages\/8\/revisions"}],"predecessor-version":[{"id":272,"href":"https:\/\/emk-tec.com\/de\/wp-json\/wp\/v2\/pages\/8\/revisions\/272"}],"wp:attachment":[{"href":"https:\/\/emk-tec.com\/de\/wp-json\/wp\/v2\/media?parent=8"}],"curies":[{"name":"wp","href":"https:\/\/api.w.org\/{rel}","templated":true}]}}